{"id":16085,"date":"2021-02-16T10:30:12","date_gmt":"2021-02-16T09:30:12","guid":{"rendered":"https:\/\/oliebe.com\/de\/?page_id=16085"},"modified":"2023-05-23T11:14:16","modified_gmt":"2023-05-23T09:14:16","slug":"kunde-werden","status":"publish","type":"page","link":"https:\/\/oliebe.com\/de\/friseurexklusiv\/kunde-werden\/","title":{"rendered":"Kunde werden"},"content":{"rendered":"<p><a href=\"https:\/\/oliebe.com\/de\/wp-content\/uploads\/2015\/08\/dezent1.jpg\"><img loading=\"lazy\" decoding=\"async\" class=\"alignnone wp-image-3808\" src=\"https:\/\/oliebe.com\/de\/wp-content\/uploads\/2015\/08\/dezent1-300x44.jpg\" alt=\"\" width=\"946\" height=\"139\" srcset=\"https:\/\/oliebe.com\/de\/wp-content\/uploads\/2015\/08\/dezent1-300x44.jpg 300w, https:\/\/oliebe.com\/de\/wp-content\/uploads\/2015\/08\/dezent1.jpg 960w, https:\/\/oliebe.com\/de\/wp-content\/uploads\/2015\/08\/dezent1-640x93.jpg 640w\" sizes=\"auto, (max-width: 946px) 100vw, 946px\" \/><\/a><\/p>\n<p><strong>Es freut uns, dass Sie unsere Pflanzenhaarfarben \/ Produkte als Erg\u00e4nzung und Erweiterung Ihres Sortimentes in Erw\u00e4gung ziehen.<\/strong><\/p>\n<p>Da wir ausschlie\u00dflich Friseurfachbetriebe beliefern, bitten wir Sie als Nachweis Ihrer Friseurt\u00e4tigkeit um folgende Angaben:<\/p>\n<p>&#8211; eine Kopie Ihres <strong>Gewerbescheins<\/strong>,<\/p>\n<p>&#8211; eine Kopie Ihres <strong>Meisterbriefes<\/strong>,<\/p>\n<p>&#8211; Ihre <strong>Umsatzsteuer-Identifikationsnummer<\/strong> (USt-IdNr) <\/p>\n<p>&#8211; die <strong>Adressdaten des Rechnungsempf\u00e4ngers<\/strong> bzw. des Saloninhabers\/ der Saloninhaberin, unter denen der Salon bei uns gef\u00fchrt werden soll.<\/p>\n<p>&nbsp;<\/p>\n<p>Bitte senden Sie uns die erforderlichen Unterlagen per Post , E-Mail (info@oliebe.de) oder Fax (+49 2402 709535-200) zu.<\/p>\n<p>Sobald uns die entsprechenden Daten vorliegen, werden wir Sie als Neukundin aufnehmen und Ihnen Informationsmaterial in Form unseres Handbuches und unserer Preisliste zusenden.<\/p>\n","protected":false},"excerpt":{"rendered":"<p>Es freut uns, dass Sie unsere Pflanzenhaarfarben \/ Produkte als Erg\u00e4nzung und Erweiterung Ihres Sortimentes in Erw\u00e4gung ziehen. Da wir ausschlie\u00dflich Friseurfachbetriebe beliefern, bitten wir Sie als Nachweis Ihrer Friseurt\u00e4tigkeit um folgende Angaben: &#8211; eine Kopie Ihres Gewerbescheins, &#8211; eine Kopie Ihres Meisterbriefes, &#8211; Ihre Umsatzsteuer-Identifikationsnummer (USt-IdNr) &#8211; die Adressdaten des Rechnungsempf\u00e4ngers bzw. des Saloninhabers\/ [&hellip;]<\/p>\n","protected":false},"author":3,"featured_media":422,"parent":609,"menu_order":3,"comment_status":"closed","ping_status":"closed","template":"","meta":{"_acf_changed":false,"footnotes":""},"class_list":["post-16085","page","type-page","status-publish","has-post-thumbnail","hentry"],"acf":[],"yoast_head":"<!-- This site is optimized with the Yoast SEO plugin v27.4 - https:\/\/yoast.com\/product\/yoast-seo-wordpress\/ -->\n<title>Kunde werden - Oliebe<\/title>\n<meta name=\"robots\" content=\"index, follow, max-snippet:-1, max-image-preview:large, max-video-preview:-1\" \/>\n<link rel=\"canonical\" href=\"https:\/\/oliebe.com\/de\/friseurexklusiv\/kunde-werden\/\" \/>\n<meta property=\"og:locale\" content=\"de_DE\" \/>\n<meta property=\"og:type\" content=\"article\" \/>\n<meta property=\"og:title\" content=\"Kunde werden - Oliebe\" \/>\n<meta property=\"og:description\" content=\"Es freut uns, dass Sie unsere Pflanzenhaarfarben \/ Produkte als Erg\u00e4nzung und Erweiterung Ihres Sortimentes in Erw\u00e4gung ziehen. Da wir ausschlie\u00dflich Friseurfachbetriebe beliefern, bitten wir Sie als Nachweis Ihrer Friseurt\u00e4tigkeit um folgende Angaben: &#8211; eine Kopie Ihres Gewerbescheins, &#8211; eine Kopie Ihres Meisterbriefes, &#8211; Ihre Umsatzsteuer-Identifikationsnummer (USt-IdNr) &#8211; die Adressdaten des Rechnungsempf\u00e4ngers bzw. des Saloninhabers\/ [&hellip;]\" \/>\n<meta property=\"og:url\" content=\"https:\/\/oliebe.com\/de\/friseurexklusiv\/kunde-werden\/\" \/>\n<meta property=\"og:site_name\" content=\"Oliebe\" \/>\n<meta property=\"article:modified_time\" content=\"2023-05-23T09:14:16+00:00\" \/>\n<meta property=\"og:image\" content=\"https:\/\/oliebe.com\/de\/wp-content\/uploads\/2015\/08\/IMG_0496_960.png\" \/>\n\t<meta property=\"og:image:width\" content=\"960\" \/>\n\t<meta property=\"og:image:height\" content=\"360\" \/>\n\t<meta property=\"og:image:type\" content=\"image\/png\" \/>\n<meta name=\"twitter:card\" content=\"summary_large_image\" \/>\n<meta name=\"twitter:label1\" content=\"Gesch\u00e4tzte Lesezeit\" \/>\n\t<meta name=\"twitter:data1\" content=\"1\u00a0Minute\" \/>\n<script type=\"application\/ld+json\" class=\"yoast-schema-graph\">{\"@context\":\"https:\\\/\\\/schema.org\",\"@graph\":[{\"@type\":\"WebPage\",\"@id\":\"https:\\\/\\\/oliebe.com\\\/de\\\/friseurexklusiv\\\/kunde-werden\\\/\",\"url\":\"https:\\\/\\\/oliebe.com\\\/de\\\/friseurexklusiv\\\/kunde-werden\\\/\",\"name\":\"Kunde werden - Oliebe\",\"isPartOf\":{\"@id\":\"https:\\\/\\\/oliebe.com\\\/de\\\/#website\"},\"primaryImageOfPage\":{\"@id\":\"https:\\\/\\\/oliebe.com\\\/de\\\/friseurexklusiv\\\/kunde-werden\\\/#primaryimage\"},\"image\":{\"@id\":\"https:\\\/\\\/oliebe.com\\\/de\\\/friseurexklusiv\\\/kunde-werden\\\/#primaryimage\"},\"thumbnailUrl\":\"https:\\\/\\\/oliebe.com\\\/de\\\/wp-content\\\/uploads\\\/2015\\\/08\\\/IMG_0496_960.png\",\"datePublished\":\"2021-02-16T09:30:12+00:00\",\"dateModified\":\"2023-05-23T09:14:16+00:00\",\"breadcrumb\":{\"@id\":\"https:\\\/\\\/oliebe.com\\\/de\\\/friseurexklusiv\\\/kunde-werden\\\/#breadcrumb\"},\"inLanguage\":\"de\",\"potentialAction\":[{\"@type\":\"ReadAction\",\"target\":[\"https:\\\/\\\/oliebe.com\\\/de\\\/friseurexklusiv\\\/kunde-werden\\\/\"]}]},{\"@type\":\"ImageObject\",\"inLanguage\":\"de\",\"@id\":\"https:\\\/\\\/oliebe.com\\\/de\\\/friseurexklusiv\\\/kunde-werden\\\/#primaryimage\",\"url\":\"https:\\\/\\\/oliebe.com\\\/de\\\/wp-content\\\/uploads\\\/2015\\\/08\\\/IMG_0496_960.png\",\"contentUrl\":\"https:\\\/\\\/oliebe.com\\\/de\\\/wp-content\\\/uploads\\\/2015\\\/08\\\/IMG_0496_960.png\",\"width\":960,\"height\":360},{\"@type\":\"BreadcrumbList\",\"@id\":\"https:\\\/\\\/oliebe.com\\\/de\\\/friseurexklusiv\\\/kunde-werden\\\/#breadcrumb\",\"itemListElement\":[{\"@type\":\"ListItem\",\"position\":1,\"name\":\"Home\",\"item\":\"https:\\\/\\\/oliebe.com\\\/de\\\/\"},{\"@type\":\"ListItem\",\"position\":2,\"name\":\"Friseurexklusiv\",\"item\":\"https:\\\/\\\/oliebe.com\\\/de\\\/friseurexklusiv\\\/\"},{\"@type\":\"ListItem\",\"position\":3,\"name\":\"Kunde werden\"}]},{\"@type\":\"WebSite\",\"@id\":\"https:\\\/\\\/oliebe.com\\\/de\\\/#website\",\"url\":\"https:\\\/\\\/oliebe.com\\\/de\\\/\",\"name\":\"Oliebe\",\"description\":\"Alexander Pietschmann friseurexklusiv\",\"potentialAction\":[{\"@type\":\"SearchAction\",\"target\":{\"@type\":\"EntryPoint\",\"urlTemplate\":\"https:\\\/\\\/oliebe.com\\\/de\\\/?s={search_term_string}\"},\"query-input\":{\"@type\":\"PropertyValueSpecification\",\"valueRequired\":true,\"valueName\":\"search_term_string\"}}],\"inLanguage\":\"de\"}]}<\/script>\n<!-- \/ Yoast SEO plugin. -->","yoast_head_json":{"title":"Kunde werden - Oliebe","robots":{"index":"index","follow":"follow","max-snippet":"max-snippet:-1","max-image-preview":"max-image-preview:large","max-video-preview":"max-video-preview:-1"},"canonical":"https:\/\/oliebe.com\/de\/friseurexklusiv\/kunde-werden\/","og_locale":"de_DE","og_type":"article","og_title":"Kunde werden - Oliebe","og_description":"Es freut uns, dass Sie unsere Pflanzenhaarfarben \/ Produkte als Erg\u00e4nzung und Erweiterung Ihres Sortimentes in Erw\u00e4gung ziehen. Da wir ausschlie\u00dflich Friseurfachbetriebe beliefern, bitten wir Sie als Nachweis Ihrer Friseurt\u00e4tigkeit um folgende Angaben: &#8211; eine Kopie Ihres Gewerbescheins, &#8211; eine Kopie Ihres Meisterbriefes, &#8211; Ihre Umsatzsteuer-Identifikationsnummer (USt-IdNr) &#8211; die Adressdaten des Rechnungsempf\u00e4ngers bzw. des Saloninhabers\/ [&hellip;]","og_url":"https:\/\/oliebe.com\/de\/friseurexklusiv\/kunde-werden\/","og_site_name":"Oliebe","article_modified_time":"2023-05-23T09:14:16+00:00","og_image":[{"width":960,"height":360,"url":"https:\/\/oliebe.com\/de\/wp-content\/uploads\/2015\/08\/IMG_0496_960.png","type":"image\/png"}],"twitter_card":"summary_large_image","twitter_misc":{"Gesch\u00e4tzte Lesezeit":"1\u00a0Minute"},"schema":{"@context":"https:\/\/schema.org","@graph":[{"@type":"WebPage","@id":"https:\/\/oliebe.com\/de\/friseurexklusiv\/kunde-werden\/","url":"https:\/\/oliebe.com\/de\/friseurexklusiv\/kunde-werden\/","name":"Kunde werden - Oliebe","isPartOf":{"@id":"https:\/\/oliebe.com\/de\/#website"},"primaryImageOfPage":{"@id":"https:\/\/oliebe.com\/de\/friseurexklusiv\/kunde-werden\/#primaryimage"},"image":{"@id":"https:\/\/oliebe.com\/de\/friseurexklusiv\/kunde-werden\/#primaryimage"},"thumbnailUrl":"https:\/\/oliebe.com\/de\/wp-content\/uploads\/2015\/08\/IMG_0496_960.png","datePublished":"2021-02-16T09:30:12+00:00","dateModified":"2023-05-23T09:14:16+00:00","breadcrumb":{"@id":"https:\/\/oliebe.com\/de\/friseurexklusiv\/kunde-werden\/#breadcrumb"},"inLanguage":"de","potentialAction":[{"@type":"ReadAction","target":["https:\/\/oliebe.com\/de\/friseurexklusiv\/kunde-werden\/"]}]},{"@type":"ImageObject","inLanguage":"de","@id":"https:\/\/oliebe.com\/de\/friseurexklusiv\/kunde-werden\/#primaryimage","url":"https:\/\/oliebe.com\/de\/wp-content\/uploads\/2015\/08\/IMG_0496_960.png","contentUrl":"https:\/\/oliebe.com\/de\/wp-content\/uploads\/2015\/08\/IMG_0496_960.png","width":960,"height":360},{"@type":"BreadcrumbList","@id":"https:\/\/oliebe.com\/de\/friseurexklusiv\/kunde-werden\/#breadcrumb","itemListElement":[{"@type":"ListItem","position":1,"name":"Home","item":"https:\/\/oliebe.com\/de\/"},{"@type":"ListItem","position":2,"name":"Friseurexklusiv","item":"https:\/\/oliebe.com\/de\/friseurexklusiv\/"},{"@type":"ListItem","position":3,"name":"Kunde werden"}]},{"@type":"WebSite","@id":"https:\/\/oliebe.com\/de\/#website","url":"https:\/\/oliebe.com\/de\/","name":"Oliebe","description":"Alexander Pietschmann friseurexklusiv","potentialAction":[{"@type":"SearchAction","target":{"@type":"EntryPoint","urlTemplate":"https:\/\/oliebe.com\/de\/?s={search_term_string}"},"query-input":{"@type":"PropertyValueSpecification","valueRequired":true,"valueName":"search_term_string"}}],"inLanguage":"de"}]}},"_links":{"self":[{"href":"https:\/\/oliebe.com\/de\/wp-json\/wp\/v2\/pages\/16085","targetHints":{"allow":["GET"]}}],"collection":[{"href":"https:\/\/oliebe.com\/de\/wp-json\/wp\/v2\/pages"}],"about":[{"href":"https:\/\/oliebe.com\/de\/wp-json\/wp\/v2\/types\/page"}],"author":[{"embeddable":true,"href":"https:\/\/oliebe.com\/de\/wp-json\/wp\/v2\/users\/3"}],"replies":[{"embeddable":true,"href":"https:\/\/oliebe.com\/de\/wp-json\/wp\/v2\/comments?post=16085"}],"version-history":[{"count":5,"href":"https:\/\/oliebe.com\/de\/wp-json\/wp\/v2\/pages\/16085\/revisions"}],"predecessor-version":[{"id":17866,"href":"https:\/\/oliebe.com\/de\/wp-json\/wp\/v2\/pages\/16085\/revisions\/17866"}],"up":[{"embeddable":true,"href":"https:\/\/oliebe.com\/de\/wp-json\/wp\/v2\/pages\/609"}],"wp:featuredmedia":[{"embeddable":true,"href":"https:\/\/oliebe.com\/de\/wp-json\/wp\/v2\/media\/422"}],"wp:attachment":[{"href":"https:\/\/oliebe.com\/de\/wp-json\/wp\/v2\/media?parent=16085"}],"curies":[{"name":"wp","href":"https:\/\/api.w.org\/{rel}","templated":true}]}}