{"id":17892,"date":"2023-11-15T11:28:59","date_gmt":"2023-11-15T10:28:59","guid":{"rendered":"https:\/\/oliebe.com\/de\/?page_id=17892"},"modified":"2024-02-22T14:07:14","modified_gmt":"2024-02-22T13:07:14","slug":"oliebe-handbuch","status":"publish","type":"page","link":"https:\/\/oliebe.com\/de\/friseurexklusiv\/oliebe-handbuch\/","title":{"rendered":"OLIEBE Handbuch \/ Pressekit Werbezwecke"},"content":{"rendered":"<p>Unser ausf\u00fchrliches Handbuch . Hier erfahren Sie viel Interessantes zum Thema Anwendung und Farbergebnisse. Unser Handbuch kann allerdings auch nur ein grober Leitfaden sein, da die Farbergebnisse von vielen individuellen Faktoren beim Kunden abh\u00e4ngig sind.<\/p>\n<p><strong><a href=\"https:\/\/oliebe.com\/de\/wp-content\/uploads\/2023\/11\/130514-Handbuch-mit-Shampoos-und-N-Seriedeutsch.pdf\">130514 Handbuch mit Shampoos und N-Seriedeutsch<\/a><\/strong><\/p>\n<p><a href=\"https:\/\/oliebe.com\/de\/wp-content\/uploads\/2015\/08\/qualitaet.jpg\"><img loading=\"lazy\" decoding=\"async\" src=\"https:\/\/oliebe.com\/de\/wp-content\/uploads\/2015\/08\/qualitaet-300x44.jpg\" alt=\"\" width=\"300\" height=\"44\" class=\"alignnone size-medium wp-image-3826\" srcset=\"https:\/\/oliebe.com\/de\/wp-content\/uploads\/2015\/08\/qualitaet-300x44.jpg 300w, https:\/\/oliebe.com\/de\/wp-content\/uploads\/2015\/08\/qualitaet.jpg 960w, https:\/\/oliebe.com\/de\/wp-content\/uploads\/2015\/08\/qualitaet-640x93.jpg 640w\" sizes=\"auto, (max-width: 300px) 100vw, 300px\" \/><\/a><\/p>\n<p><strong>Werbematerial f\u00fcr Werbezwecke:<\/strong><\/p>\n<p>Mit dem nachstehenden Link k\u00f6nnen Sie auf unser Logo und unsere Produkt-Bilder zugreifen:<br \/>\n<strong><a href=\"http:\/\/oliebe.com\/20130306_Oliebe_Presskit.zip\">http:\/\/oliebe.com\/20130306_Oliebe_Presskit.zip<\/a><\/strong><\/p>\n<p>Sollten Sie spezielle W\u00fcnsche oder R\u00fcckfragen haben, wenden Sie sich bitte direkt an:<\/p>\n<p>Digital Noises<br \/>\nFlorian Schommertz<br \/>\nt: +49 2434\/30 83 89 0<br \/>\nm: +49 152\/320 84 347<br \/>\n<a href=\"https:\/\/www.digital-noises.com\/\">https:\/\/www.digital-noises.com\/<\/a><br \/>\nbuero@digital-noises.com<\/p>\n","protected":false},"excerpt":{"rendered":"<p>Unser ausf\u00fchrliches Handbuch . Hier erfahren Sie viel Interessantes zum Thema Anwendung und Farbergebnisse. Unser Handbuch kann allerdings auch nur ein grober Leitfaden sein, da die Farbergebnisse von vielen individuellen Faktoren beim Kunden abh\u00e4ngig sind. 130514 Handbuch mit Shampoos und N-Seriedeutsch Werbematerial f\u00fcr Werbezwecke: Mit dem nachstehenden Link k\u00f6nnen Sie auf unser Logo und unsere [&hellip;]<\/p>\n","protected":false},"author":3,"featured_media":0,"parent":609,"menu_order":23,"comment_status":"closed","ping_status":"closed","template":"","meta":{"_acf_changed":false,"footnotes":""},"class_list":["post-17892","page","type-page","status-publish","hentry"],"acf":[],"yoast_head":"<!-- This site is optimized with the Yoast SEO plugin v27.4 - https:\/\/yoast.com\/product\/yoast-seo-wordpress\/ -->\n<title>OLIEBE Handbuch \/ Pressekit Werbezwecke - Oliebe<\/title>\n<meta name=\"robots\" content=\"index, follow, max-snippet:-1, max-image-preview:large, max-video-preview:-1\" \/>\n<link rel=\"canonical\" href=\"https:\/\/oliebe.com\/de\/friseurexklusiv\/oliebe-handbuch\/\" \/>\n<meta property=\"og:locale\" content=\"de_DE\" \/>\n<meta property=\"og:type\" content=\"article\" \/>\n<meta property=\"og:title\" content=\"OLIEBE Handbuch \/ Pressekit Werbezwecke - Oliebe\" \/>\n<meta property=\"og:description\" content=\"Unser ausf\u00fchrliches Handbuch . Hier erfahren Sie viel Interessantes zum Thema Anwendung und Farbergebnisse. Unser Handbuch kann allerdings auch nur ein grober Leitfaden sein, da die Farbergebnisse von vielen individuellen Faktoren beim Kunden abh\u00e4ngig sind. 130514 Handbuch mit Shampoos und N-Seriedeutsch Werbematerial f\u00fcr Werbezwecke: Mit dem nachstehenden Link k\u00f6nnen Sie auf unser Logo und unsere [&hellip;]\" \/>\n<meta property=\"og:url\" content=\"https:\/\/oliebe.com\/de\/friseurexklusiv\/oliebe-handbuch\/\" \/>\n<meta property=\"og:site_name\" content=\"Oliebe\" \/>\n<meta property=\"article:modified_time\" content=\"2024-02-22T13:07:14+00:00\" \/>\n<meta property=\"og:image\" content=\"https:\/\/oliebe.com\/de\/wp-content\/uploads\/2015\/08\/qualitaet-300x44.jpg\" \/>\n<meta name=\"twitter:card\" content=\"summary_large_image\" \/>\n<meta name=\"twitter:label1\" content=\"Gesch\u00e4tzte Lesezeit\" \/>\n\t<meta name=\"twitter:data1\" content=\"1\u00a0Minute\" \/>\n<script type=\"application\/ld+json\" class=\"yoast-schema-graph\">{\"@context\":\"https:\\\/\\\/schema.org\",\"@graph\":[{\"@type\":\"WebPage\",\"@id\":\"https:\\\/\\\/oliebe.com\\\/de\\\/friseurexklusiv\\\/oliebe-handbuch\\\/\",\"url\":\"https:\\\/\\\/oliebe.com\\\/de\\\/friseurexklusiv\\\/oliebe-handbuch\\\/\",\"name\":\"OLIEBE Handbuch \\\/ Pressekit Werbezwecke - Oliebe\",\"isPartOf\":{\"@id\":\"https:\\\/\\\/oliebe.com\\\/de\\\/#website\"},\"primaryImageOfPage\":{\"@id\":\"https:\\\/\\\/oliebe.com\\\/de\\\/friseurexklusiv\\\/oliebe-handbuch\\\/#primaryimage\"},\"image\":{\"@id\":\"https:\\\/\\\/oliebe.com\\\/de\\\/friseurexklusiv\\\/oliebe-handbuch\\\/#primaryimage\"},\"thumbnailUrl\":\"https:\\\/\\\/oliebe.com\\\/de\\\/wp-content\\\/uploads\\\/2015\\\/08\\\/qualitaet-300x44.jpg\",\"datePublished\":\"2023-11-15T10:28:59+00:00\",\"dateModified\":\"2024-02-22T13:07:14+00:00\",\"breadcrumb\":{\"@id\":\"https:\\\/\\\/oliebe.com\\\/de\\\/friseurexklusiv\\\/oliebe-handbuch\\\/#breadcrumb\"},\"inLanguage\":\"de\",\"potentialAction\":[{\"@type\":\"ReadAction\",\"target\":[\"https:\\\/\\\/oliebe.com\\\/de\\\/friseurexklusiv\\\/oliebe-handbuch\\\/\"]}]},{\"@type\":\"ImageObject\",\"inLanguage\":\"de\",\"@id\":\"https:\\\/\\\/oliebe.com\\\/de\\\/friseurexklusiv\\\/oliebe-handbuch\\\/#primaryimage\",\"url\":\"https:\\\/\\\/oliebe.com\\\/de\\\/wp-content\\\/uploads\\\/2015\\\/08\\\/qualitaet.jpg\",\"contentUrl\":\"https:\\\/\\\/oliebe.com\\\/de\\\/wp-content\\\/uploads\\\/2015\\\/08\\\/qualitaet.jpg\",\"width\":960,\"height\":140},{\"@type\":\"BreadcrumbList\",\"@id\":\"https:\\\/\\\/oliebe.com\\\/de\\\/friseurexklusiv\\\/oliebe-handbuch\\\/#breadcrumb\",\"itemListElement\":[{\"@type\":\"ListItem\",\"position\":1,\"name\":\"Home\",\"item\":\"https:\\\/\\\/oliebe.com\\\/de\\\/\"},{\"@type\":\"ListItem\",\"position\":2,\"name\":\"Friseurexklusiv\",\"item\":\"https:\\\/\\\/oliebe.com\\\/de\\\/friseurexklusiv\\\/\"},{\"@type\":\"ListItem\",\"position\":3,\"name\":\"OLIEBE Handbuch \\\/ Pressekit Werbezwecke\"}]},{\"@type\":\"WebSite\",\"@id\":\"https:\\\/\\\/oliebe.com\\\/de\\\/#website\",\"url\":\"https:\\\/\\\/oliebe.com\\\/de\\\/\",\"name\":\"Oliebe\",\"description\":\"Alexander Pietschmann friseurexklusiv\",\"potentialAction\":[{\"@type\":\"SearchAction\",\"target\":{\"@type\":\"EntryPoint\",\"urlTemplate\":\"https:\\\/\\\/oliebe.com\\\/de\\\/?s={search_term_string}\"},\"query-input\":{\"@type\":\"PropertyValueSpecification\",\"valueRequired\":true,\"valueName\":\"search_term_string\"}}],\"inLanguage\":\"de\"}]}<\/script>\n<!-- \/ Yoast SEO plugin. -->","yoast_head_json":{"title":"OLIEBE Handbuch \/ Pressekit Werbezwecke - Oliebe","robots":{"index":"index","follow":"follow","max-snippet":"max-snippet:-1","max-image-preview":"max-image-preview:large","max-video-preview":"max-video-preview:-1"},"canonical":"https:\/\/oliebe.com\/de\/friseurexklusiv\/oliebe-handbuch\/","og_locale":"de_DE","og_type":"article","og_title":"OLIEBE Handbuch \/ Pressekit Werbezwecke - Oliebe","og_description":"Unser ausf\u00fchrliches Handbuch . Hier erfahren Sie viel Interessantes zum Thema Anwendung und Farbergebnisse. Unser Handbuch kann allerdings auch nur ein grober Leitfaden sein, da die Farbergebnisse von vielen individuellen Faktoren beim Kunden abh\u00e4ngig sind. 130514 Handbuch mit Shampoos und N-Seriedeutsch Werbematerial f\u00fcr Werbezwecke: Mit dem nachstehenden Link k\u00f6nnen Sie auf unser Logo und unsere [&hellip;]","og_url":"https:\/\/oliebe.com\/de\/friseurexklusiv\/oliebe-handbuch\/","og_site_name":"Oliebe","article_modified_time":"2024-02-22T13:07:14+00:00","og_image":[{"url":"https:\/\/oliebe.com\/de\/wp-content\/uploads\/2015\/08\/qualitaet-300x44.jpg","type":"","width":"","height":""}],"twitter_card":"summary_large_image","twitter_misc":{"Gesch\u00e4tzte Lesezeit":"1\u00a0Minute"},"schema":{"@context":"https:\/\/schema.org","@graph":[{"@type":"WebPage","@id":"https:\/\/oliebe.com\/de\/friseurexklusiv\/oliebe-handbuch\/","url":"https:\/\/oliebe.com\/de\/friseurexklusiv\/oliebe-handbuch\/","name":"OLIEBE Handbuch \/ Pressekit Werbezwecke - Oliebe","isPartOf":{"@id":"https:\/\/oliebe.com\/de\/#website"},"primaryImageOfPage":{"@id":"https:\/\/oliebe.com\/de\/friseurexklusiv\/oliebe-handbuch\/#primaryimage"},"image":{"@id":"https:\/\/oliebe.com\/de\/friseurexklusiv\/oliebe-handbuch\/#primaryimage"},"thumbnailUrl":"https:\/\/oliebe.com\/de\/wp-content\/uploads\/2015\/08\/qualitaet-300x44.jpg","datePublished":"2023-11-15T10:28:59+00:00","dateModified":"2024-02-22T13:07:14+00:00","breadcrumb":{"@id":"https:\/\/oliebe.com\/de\/friseurexklusiv\/oliebe-handbuch\/#breadcrumb"},"inLanguage":"de","potentialAction":[{"@type":"ReadAction","target":["https:\/\/oliebe.com\/de\/friseurexklusiv\/oliebe-handbuch\/"]}]},{"@type":"ImageObject","inLanguage":"de","@id":"https:\/\/oliebe.com\/de\/friseurexklusiv\/oliebe-handbuch\/#primaryimage","url":"https:\/\/oliebe.com\/de\/wp-content\/uploads\/2015\/08\/qualitaet.jpg","contentUrl":"https:\/\/oliebe.com\/de\/wp-content\/uploads\/2015\/08\/qualitaet.jpg","width":960,"height":140},{"@type":"BreadcrumbList","@id":"https:\/\/oliebe.com\/de\/friseurexklusiv\/oliebe-handbuch\/#breadcrumb","itemListElement":[{"@type":"ListItem","position":1,"name":"Home","item":"https:\/\/oliebe.com\/de\/"},{"@type":"ListItem","position":2,"name":"Friseurexklusiv","item":"https:\/\/oliebe.com\/de\/friseurexklusiv\/"},{"@type":"ListItem","position":3,"name":"OLIEBE Handbuch \/ Pressekit Werbezwecke"}]},{"@type":"WebSite","@id":"https:\/\/oliebe.com\/de\/#website","url":"https:\/\/oliebe.com\/de\/","name":"Oliebe","description":"Alexander Pietschmann friseurexklusiv","potentialAction":[{"@type":"SearchAction","target":{"@type":"EntryPoint","urlTemplate":"https:\/\/oliebe.com\/de\/?s={search_term_string}"},"query-input":{"@type":"PropertyValueSpecification","valueRequired":true,"valueName":"search_term_string"}}],"inLanguage":"de"}]}},"_links":{"self":[{"href":"https:\/\/oliebe.com\/de\/wp-json\/wp\/v2\/pages\/17892","targetHints":{"allow":["GET"]}}],"collection":[{"href":"https:\/\/oliebe.com\/de\/wp-json\/wp\/v2\/pages"}],"about":[{"href":"https:\/\/oliebe.com\/de\/wp-json\/wp\/v2\/types\/page"}],"author":[{"embeddable":true,"href":"https:\/\/oliebe.com\/de\/wp-json\/wp\/v2\/users\/3"}],"replies":[{"embeddable":true,"href":"https:\/\/oliebe.com\/de\/wp-json\/wp\/v2\/comments?post=17892"}],"version-history":[{"count":4,"href":"https:\/\/oliebe.com\/de\/wp-json\/wp\/v2\/pages\/17892\/revisions"}],"predecessor-version":[{"id":17967,"href":"https:\/\/oliebe.com\/de\/wp-json\/wp\/v2\/pages\/17892\/revisions\/17967"}],"up":[{"embeddable":true,"href":"https:\/\/oliebe.com\/de\/wp-json\/wp\/v2\/pages\/609"}],"wp:attachment":[{"href":"https:\/\/oliebe.com\/de\/wp-json\/wp\/v2\/media?parent=17892"}],"curies":[{"name":"wp","href":"https:\/\/api.w.org\/{rel}","templated":true}]}}