{"id":17989,"date":"2024-04-03T10:16:03","date_gmt":"2024-04-03T08:16:03","guid":{"rendered":"https:\/\/oliebe.com\/de\/?page_id=17989"},"modified":"2024-04-03T10:26:19","modified_gmt":"2024-04-03T08:26:19","slug":"oliebe-produkte-kaufen-auskunft-endverbraucher","status":"publish","type":"page","link":"https:\/\/oliebe.com\/de\/oliebe-produkte-kaufen-auskunft-endverbraucher\/","title":{"rendered":"OLIEBE\u00ae Produkte kaufen \/ Auskunft Endverbraucher"},"content":{"rendered":"<p><a href=\"https:\/\/oliebe.com\/de\/wp-content\/uploads\/2015\/08\/dezent1.jpg\"><img loading=\"lazy\" decoding=\"async\" src=\"https:\/\/oliebe.com\/de\/wp-content\/uploads\/2015\/08\/dezent1-300x44.jpg\" alt=\"\" width=\"300\" height=\"44\" class=\"alignnone size-medium wp-image-3808\" srcset=\"https:\/\/oliebe.com\/de\/wp-content\/uploads\/2015\/08\/dezent1-300x44.jpg 300w, https:\/\/oliebe.com\/de\/wp-content\/uploads\/2015\/08\/dezent1.jpg 960w, https:\/\/oliebe.com\/de\/wp-content\/uploads\/2015\/08\/dezent1-640x93.jpg 640w\" sizes=\"auto, (max-width: 300px) 100vw, 300px\" \/><\/a>OLIEBE\u00ae-Produkte sind exklusiv nur beim selbstst\u00e4ndigen (Natur-)Friseur erh\u00e4ltlich.<br \/>\nDieser Vertriebsweg sieht auch vor, dass jegliche Beratung, zu der Verwendung unserer Produkte, etc., durch den Friseurfachbetrieb vor Ort erfolgt.<\/p>\n<p><strong>Sprechen Sie Ihren Friseur-Salon an.<\/strong><\/p>\n<p><strong>Aus datenschutzrechtlichen Gr\u00fcnden k\u00f6nnen wir keine Auskunft \u00fcber unsere Kunden geben.<\/strong><\/p>\n","protected":false},"excerpt":{"rendered":"<p>OLIEBE\u00ae-Produkte sind exklusiv nur beim selbstst\u00e4ndigen (Natur-)Friseur erh\u00e4ltlich. Dieser Vertriebsweg sieht auch vor, dass jegliche Beratung, zu der Verwendung unserer Produkte, etc., durch den Friseurfachbetrieb vor Ort erfolgt. Sprechen Sie Ihren Friseur-Salon an. Aus datenschutzrechtlichen Gr\u00fcnden k\u00f6nnen wir keine Auskunft \u00fcber unsere Kunden geben.<\/p>\n","protected":false},"author":3,"featured_media":0,"parent":0,"menu_order":0,"comment_status":"closed","ping_status":"closed","template":"","meta":{"_acf_changed":false,"footnotes":""},"class_list":["post-17989","page","type-page","status-publish","hentry"],"acf":[],"yoast_head":"<!-- This site is optimized with the Yoast SEO plugin v27.4 - https:\/\/yoast.com\/product\/yoast-seo-wordpress\/ -->\n<title>OLIEBE\u00ae Produkte kaufen \/ Auskunft Endverbraucher - Oliebe<\/title>\n<meta name=\"robots\" content=\"index, follow, max-snippet:-1, max-image-preview:large, max-video-preview:-1\" \/>\n<link rel=\"canonical\" href=\"https:\/\/oliebe.com\/de\/oliebe-produkte-kaufen-auskunft-endverbraucher\/\" \/>\n<meta property=\"og:locale\" content=\"de_DE\" \/>\n<meta property=\"og:type\" content=\"article\" \/>\n<meta property=\"og:title\" content=\"OLIEBE\u00ae Produkte kaufen \/ Auskunft Endverbraucher - Oliebe\" \/>\n<meta property=\"og:description\" content=\"OLIEBE\u00ae-Produkte sind exklusiv nur beim selbstst\u00e4ndigen (Natur-)Friseur erh\u00e4ltlich. Dieser Vertriebsweg sieht auch vor, dass jegliche Beratung, zu der Verwendung unserer Produkte, etc., durch den Friseurfachbetrieb vor Ort erfolgt. Sprechen Sie Ihren Friseur-Salon an. Aus datenschutzrechtlichen Gr\u00fcnden k\u00f6nnen wir keine Auskunft \u00fcber unsere Kunden geben.\" \/>\n<meta property=\"og:url\" content=\"https:\/\/oliebe.com\/de\/oliebe-produkte-kaufen-auskunft-endverbraucher\/\" \/>\n<meta property=\"og:site_name\" content=\"Oliebe\" \/>\n<meta property=\"article:modified_time\" content=\"2024-04-03T08:26:19+00:00\" \/>\n<meta property=\"og:image\" content=\"https:\/\/oliebe.com\/de\/wp-content\/uploads\/2015\/08\/dezent1-300x44.jpg\" \/>\n<meta name=\"twitter:card\" content=\"summary_large_image\" \/>\n<meta name=\"twitter:label1\" content=\"Gesch\u00e4tzte Lesezeit\" \/>\n\t<meta name=\"twitter:data1\" content=\"1\u00a0Minute\" \/>\n<script type=\"application\/ld+json\" class=\"yoast-schema-graph\">{\"@context\":\"https:\\\/\\\/schema.org\",\"@graph\":[{\"@type\":\"WebPage\",\"@id\":\"https:\\\/\\\/oliebe.com\\\/de\\\/oliebe-produkte-kaufen-auskunft-endverbraucher\\\/\",\"url\":\"https:\\\/\\\/oliebe.com\\\/de\\\/oliebe-produkte-kaufen-auskunft-endverbraucher\\\/\",\"name\":\"OLIEBE\u00ae Produkte kaufen \\\/ Auskunft Endverbraucher - Oliebe\",\"isPartOf\":{\"@id\":\"https:\\\/\\\/oliebe.com\\\/de\\\/#website\"},\"primaryImageOfPage\":{\"@id\":\"https:\\\/\\\/oliebe.com\\\/de\\\/oliebe-produkte-kaufen-auskunft-endverbraucher\\\/#primaryimage\"},\"image\":{\"@id\":\"https:\\\/\\\/oliebe.com\\\/de\\\/oliebe-produkte-kaufen-auskunft-endverbraucher\\\/#primaryimage\"},\"thumbnailUrl\":\"https:\\\/\\\/oliebe.com\\\/de\\\/wp-content\\\/uploads\\\/2015\\\/08\\\/dezent1-300x44.jpg\",\"datePublished\":\"2024-04-03T08:16:03+00:00\",\"dateModified\":\"2024-04-03T08:26:19+00:00\",\"breadcrumb\":{\"@id\":\"https:\\\/\\\/oliebe.com\\\/de\\\/oliebe-produkte-kaufen-auskunft-endverbraucher\\\/#breadcrumb\"},\"inLanguage\":\"de\",\"potentialAction\":[{\"@type\":\"ReadAction\",\"target\":[\"https:\\\/\\\/oliebe.com\\\/de\\\/oliebe-produkte-kaufen-auskunft-endverbraucher\\\/\"]}]},{\"@type\":\"ImageObject\",\"inLanguage\":\"de\",\"@id\":\"https:\\\/\\\/oliebe.com\\\/de\\\/oliebe-produkte-kaufen-auskunft-endverbraucher\\\/#primaryimage\",\"url\":\"https:\\\/\\\/oliebe.com\\\/de\\\/wp-content\\\/uploads\\\/2015\\\/08\\\/dezent1.jpg\",\"contentUrl\":\"https:\\\/\\\/oliebe.com\\\/de\\\/wp-content\\\/uploads\\\/2015\\\/08\\\/dezent1.jpg\",\"width\":960,\"height\":140},{\"@type\":\"BreadcrumbList\",\"@id\":\"https:\\\/\\\/oliebe.com\\\/de\\\/oliebe-produkte-kaufen-auskunft-endverbraucher\\\/#breadcrumb\",\"itemListElement\":[{\"@type\":\"ListItem\",\"position\":1,\"name\":\"Home\",\"item\":\"https:\\\/\\\/oliebe.com\\\/de\\\/\"},{\"@type\":\"ListItem\",\"position\":2,\"name\":\"OLIEBE\u00ae Produkte kaufen \\\/ Auskunft Endverbraucher\"}]},{\"@type\":\"WebSite\",\"@id\":\"https:\\\/\\\/oliebe.com\\\/de\\\/#website\",\"url\":\"https:\\\/\\\/oliebe.com\\\/de\\\/\",\"name\":\"Oliebe\",\"description\":\"Alexander Pietschmann friseurexklusiv\",\"potentialAction\":[{\"@type\":\"SearchAction\",\"target\":{\"@type\":\"EntryPoint\",\"urlTemplate\":\"https:\\\/\\\/oliebe.com\\\/de\\\/?s={search_term_string}\"},\"query-input\":{\"@type\":\"PropertyValueSpecification\",\"valueRequired\":true,\"valueName\":\"search_term_string\"}}],\"inLanguage\":\"de\"}]}<\/script>\n<!-- \/ Yoast SEO plugin. -->","yoast_head_json":{"title":"OLIEBE\u00ae Produkte kaufen \/ Auskunft Endverbraucher - Oliebe","robots":{"index":"index","follow":"follow","max-snippet":"max-snippet:-1","max-image-preview":"max-image-preview:large","max-video-preview":"max-video-preview:-1"},"canonical":"https:\/\/oliebe.com\/de\/oliebe-produkte-kaufen-auskunft-endverbraucher\/","og_locale":"de_DE","og_type":"article","og_title":"OLIEBE\u00ae Produkte kaufen \/ Auskunft Endverbraucher - Oliebe","og_description":"OLIEBE\u00ae-Produkte sind exklusiv nur beim selbstst\u00e4ndigen (Natur-)Friseur erh\u00e4ltlich. Dieser Vertriebsweg sieht auch vor, dass jegliche Beratung, zu der Verwendung unserer Produkte, etc., durch den Friseurfachbetrieb vor Ort erfolgt. Sprechen Sie Ihren Friseur-Salon an. Aus datenschutzrechtlichen Gr\u00fcnden k\u00f6nnen wir keine Auskunft \u00fcber unsere Kunden geben.","og_url":"https:\/\/oliebe.com\/de\/oliebe-produkte-kaufen-auskunft-endverbraucher\/","og_site_name":"Oliebe","article_modified_time":"2024-04-03T08:26:19+00:00","og_image":[{"url":"https:\/\/oliebe.com\/de\/wp-content\/uploads\/2015\/08\/dezent1-300x44.jpg","type":"","width":"","height":""}],"twitter_card":"summary_large_image","twitter_misc":{"Gesch\u00e4tzte Lesezeit":"1\u00a0Minute"},"schema":{"@context":"https:\/\/schema.org","@graph":[{"@type":"WebPage","@id":"https:\/\/oliebe.com\/de\/oliebe-produkte-kaufen-auskunft-endverbraucher\/","url":"https:\/\/oliebe.com\/de\/oliebe-produkte-kaufen-auskunft-endverbraucher\/","name":"OLIEBE\u00ae Produkte kaufen \/ Auskunft Endverbraucher - Oliebe","isPartOf":{"@id":"https:\/\/oliebe.com\/de\/#website"},"primaryImageOfPage":{"@id":"https:\/\/oliebe.com\/de\/oliebe-produkte-kaufen-auskunft-endverbraucher\/#primaryimage"},"image":{"@id":"https:\/\/oliebe.com\/de\/oliebe-produkte-kaufen-auskunft-endverbraucher\/#primaryimage"},"thumbnailUrl":"https:\/\/oliebe.com\/de\/wp-content\/uploads\/2015\/08\/dezent1-300x44.jpg","datePublished":"2024-04-03T08:16:03+00:00","dateModified":"2024-04-03T08:26:19+00:00","breadcrumb":{"@id":"https:\/\/oliebe.com\/de\/oliebe-produkte-kaufen-auskunft-endverbraucher\/#breadcrumb"},"inLanguage":"de","potentialAction":[{"@type":"ReadAction","target":["https:\/\/oliebe.com\/de\/oliebe-produkte-kaufen-auskunft-endverbraucher\/"]}]},{"@type":"ImageObject","inLanguage":"de","@id":"https:\/\/oliebe.com\/de\/oliebe-produkte-kaufen-auskunft-endverbraucher\/#primaryimage","url":"https:\/\/oliebe.com\/de\/wp-content\/uploads\/2015\/08\/dezent1.jpg","contentUrl":"https:\/\/oliebe.com\/de\/wp-content\/uploads\/2015\/08\/dezent1.jpg","width":960,"height":140},{"@type":"BreadcrumbList","@id":"https:\/\/oliebe.com\/de\/oliebe-produkte-kaufen-auskunft-endverbraucher\/#breadcrumb","itemListElement":[{"@type":"ListItem","position":1,"name":"Home","item":"https:\/\/oliebe.com\/de\/"},{"@type":"ListItem","position":2,"name":"OLIEBE\u00ae Produkte kaufen \/ Auskunft Endverbraucher"}]},{"@type":"WebSite","@id":"https:\/\/oliebe.com\/de\/#website","url":"https:\/\/oliebe.com\/de\/","name":"Oliebe","description":"Alexander Pietschmann friseurexklusiv","potentialAction":[{"@type":"SearchAction","target":{"@type":"EntryPoint","urlTemplate":"https:\/\/oliebe.com\/de\/?s={search_term_string}"},"query-input":{"@type":"PropertyValueSpecification","valueRequired":true,"valueName":"search_term_string"}}],"inLanguage":"de"}]}},"_links":{"self":[{"href":"https:\/\/oliebe.com\/de\/wp-json\/wp\/v2\/pages\/17989","targetHints":{"allow":["GET"]}}],"collection":[{"href":"https:\/\/oliebe.com\/de\/wp-json\/wp\/v2\/pages"}],"about":[{"href":"https:\/\/oliebe.com\/de\/wp-json\/wp\/v2\/types\/page"}],"author":[{"embeddable":true,"href":"https:\/\/oliebe.com\/de\/wp-json\/wp\/v2\/users\/3"}],"replies":[{"embeddable":true,"href":"https:\/\/oliebe.com\/de\/wp-json\/wp\/v2\/comments?post=17989"}],"version-history":[{"count":3,"href":"https:\/\/oliebe.com\/de\/wp-json\/wp\/v2\/pages\/17989\/revisions"}],"predecessor-version":[{"id":17995,"href":"https:\/\/oliebe.com\/de\/wp-json\/wp\/v2\/pages\/17989\/revisions\/17995"}],"wp:attachment":[{"href":"https:\/\/oliebe.com\/de\/wp-json\/wp\/v2\/media?parent=17989"}],"curies":[{"name":"wp","href":"https:\/\/api.w.org\/{rel}","templated":true}]}}