{"id":552,"date":"2015-08-24T17:14:17","date_gmt":"2015-08-24T15:14:17","guid":{"rendered":"https:\/\/oliebe.com\/de\/?page_id=552"},"modified":"2021-02-05T13:50:55","modified_gmt":"2021-02-05T12:50:55","slug":"inhaltsstoffe","status":"publish","type":"page","link":"https:\/\/oliebe.com\/de\/pflanzenhaarfarben\/inhaltsstoffe\/","title":{"rendered":"Inhaltsstoffe"},"content":{"rendered":"<p>OLIEBE\u00ae Pflanzenhaarfarbprodukte von Alexander Pietschmann sind Mischungen aus<\/p>\n<p>Bestandteile (Ingredients):<br \/>\nkann<\/p>\n<p>Henna, Ratanhiawurzel, Cassia, Indigo, Rotsandelholz, F\u00e4rberr\u00f6te, Wallnussschalen, Weizenausz\u00fc-ge, Kurkuma, Blauholz, Salbei, Oregano, F\u00e4rberwaid, Sennesbl\u00e4tter, Holunderbeeren, Hibiskus, Faulbaumrinde, Kaffee, Rhabarberwurzel, r\u00f6m. Kamile, Catechu, Rote Beete, Birkenbl\u00e4tter, Malvenbl\u00fcten, Schwarzer Tee, K\u00fcmmel<\/p>\n<p>(+\/-):HENNA, LAWSONIA INERMIS POWDER, KRAMERIA TRIANDRA ROOT POWDER, CASSIA ITALICA LEAF POWDER, INDIGOFERA TINCTORIA LEAF POWDER, INDIGOFERA ARGENTEA LEAF POWDER, PTEROCARPUS SANTALINUS WOOD POWDER, RUBIA TINCTORUM ROOT POWDER, JUGLANS MANDSHURICA SHELL POWDER, WHEAT POWDER, CURCUMA HEYNEANA ROOT POWDER, HAEMATOXYLON CAMPECHIANUM POWDER, SALVIA OFFICINALIS LEAF POWDER, OREGANO POWDER, ISATIS TINCTORIA LEAF POWDER, CASSIA SENNA POWDER, ELDERBERRIES POWDER, ANTHEMIS NOBILIS FLOWER POWDER, FRANGULA ALNUS BARK POWDER, COFFEA ARABICA, RHEUM RHAPONTICUM ROOT POWDER, ANTHEMIS NOBILIS FLOWER POWDER, ACACIA CATECHU BARK POWDER, BETA VULGARIS ROOT POWDER, BETULA LEAF POWDER, MALVA FLOWER POWDER, CAMELLIA SINENSIS LEAF POWDER, CARUM CARVI SEED POWDER<\/p>\n<p>je nach Farbton in unterschiedlichen Kombinationen und Gewichtsanteilen enthalten sein.<\/p>\n<p><strong>Sollte bei einem dieser Stoffe eine Unvertr\u00e4glichkeit vorliegen, so raten wir von der Anwendung unserer pflanzlichen Produkte dringend ab.<\/strong><\/p>\n<p><strong>Wird Unvertr\u00e4glichkeit vermutet, ist zwingend vorab ein Allergietest mit dem zur Anwendung anstehenden Produkt erforderlich.<\/strong><\/p>\n","protected":false},"excerpt":{"rendered":"<p>OLIEBE\u00ae Pflanzenhaarfarbprodukte von Alexander Pietschmann sind Mischungen aus Bestandteile (Ingredients): kann Henna, Ratanhiawurzel, Cassia, Indigo, Rotsandelholz, F\u00e4rberr\u00f6te, Wallnussschalen, Weizenausz\u00fc-ge, Kurkuma, Blauholz, Salbei, Oregano, F\u00e4rberwaid, Sennesbl\u00e4tter, Holunderbeeren, Hibiskus, Faulbaumrinde, Kaffee, Rhabarberwurzel, r\u00f6m. Kamile, Catechu, Rote Beete, Birkenbl\u00e4tter, Malvenbl\u00fcten, Schwarzer Tee, K\u00fcmmel (+\/-):HENNA, LAWSONIA INERMIS POWDER, KRAMERIA TRIANDRA ROOT POWDER, CASSIA ITALICA LEAF POWDER, INDIGOFERA TINCTORIA LEAF [&hellip;]<\/p>\n","protected":false},"author":2,"featured_media":3810,"parent":502,"menu_order":6,"comment_status":"closed","ping_status":"closed","template":"","meta":{"_acf_changed":false,"footnotes":""},"class_list":["post-552","page","type-page","status-publish","has-post-thumbnail","hentry"],"acf":[],"yoast_head":"<!-- This site is optimized with the Yoast SEO plugin v27.4 - https:\/\/yoast.com\/product\/yoast-seo-wordpress\/ -->\n<title>Inhaltsstoffe - Oliebe<\/title>\n<meta name=\"robots\" content=\"index, follow, max-snippet:-1, max-image-preview:large, max-video-preview:-1\" \/>\n<link rel=\"canonical\" href=\"https:\/\/oliebe.com\/de\/pflanzenhaarfarben\/inhaltsstoffe\/\" \/>\n<meta property=\"og:locale\" content=\"de_DE\" \/>\n<meta property=\"og:type\" content=\"article\" \/>\n<meta property=\"og:title\" content=\"Inhaltsstoffe - Oliebe\" \/>\n<meta property=\"og:description\" content=\"OLIEBE\u00ae Pflanzenhaarfarbprodukte von Alexander Pietschmann sind Mischungen aus Bestandteile (Ingredients): kann Henna, Ratanhiawurzel, Cassia, Indigo, Rotsandelholz, F\u00e4rberr\u00f6te, Wallnussschalen, Weizenausz\u00fc-ge, Kurkuma, Blauholz, Salbei, Oregano, F\u00e4rberwaid, Sennesbl\u00e4tter, Holunderbeeren, Hibiskus, Faulbaumrinde, Kaffee, Rhabarberwurzel, r\u00f6m. Kamile, Catechu, Rote Beete, Birkenbl\u00e4tter, Malvenbl\u00fcten, Schwarzer Tee, K\u00fcmmel (+\/-):HENNA, LAWSONIA INERMIS POWDER, KRAMERIA TRIANDRA ROOT POWDER, CASSIA ITALICA LEAF POWDER, INDIGOFERA TINCTORIA LEAF [&hellip;]\" \/>\n<meta property=\"og:url\" content=\"https:\/\/oliebe.com\/de\/pflanzenhaarfarben\/inhaltsstoffe\/\" \/>\n<meta property=\"og:site_name\" content=\"Oliebe\" \/>\n<meta property=\"article:modified_time\" content=\"2021-02-05T12:50:55+00:00\" \/>\n<meta property=\"og:image\" content=\"https:\/\/oliebe.com\/de\/wp-content\/uploads\/2015\/08\/gruenzeug_041.jpg\" \/>\n\t<meta property=\"og:image:width\" content=\"960\" \/>\n\t<meta property=\"og:image:height\" content=\"140\" \/>\n\t<meta property=\"og:image:type\" content=\"image\/jpeg\" \/>\n<meta name=\"twitter:card\" content=\"summary_large_image\" \/>\n<meta name=\"twitter:label1\" content=\"Gesch\u00e4tzte Lesezeit\" \/>\n\t<meta name=\"twitter:data1\" content=\"1\u00a0Minute\" \/>\n<script type=\"application\/ld+json\" class=\"yoast-schema-graph\">{\"@context\":\"https:\\\/\\\/schema.org\",\"@graph\":[{\"@type\":\"WebPage\",\"@id\":\"https:\\\/\\\/oliebe.com\\\/de\\\/pflanzenhaarfarben\\\/inhaltsstoffe\\\/\",\"url\":\"https:\\\/\\\/oliebe.com\\\/de\\\/pflanzenhaarfarben\\\/inhaltsstoffe\\\/\",\"name\":\"Inhaltsstoffe - Oliebe\",\"isPartOf\":{\"@id\":\"https:\\\/\\\/oliebe.com\\\/de\\\/#website\"},\"primaryImageOfPage\":{\"@id\":\"https:\\\/\\\/oliebe.com\\\/de\\\/pflanzenhaarfarben\\\/inhaltsstoffe\\\/#primaryimage\"},\"image\":{\"@id\":\"https:\\\/\\\/oliebe.com\\\/de\\\/pflanzenhaarfarben\\\/inhaltsstoffe\\\/#primaryimage\"},\"thumbnailUrl\":\"https:\\\/\\\/oliebe.com\\\/de\\\/wp-content\\\/uploads\\\/2015\\\/08\\\/gruenzeug_041.jpg\",\"datePublished\":\"2015-08-24T15:14:17+00:00\",\"dateModified\":\"2021-02-05T12:50:55+00:00\",\"breadcrumb\":{\"@id\":\"https:\\\/\\\/oliebe.com\\\/de\\\/pflanzenhaarfarben\\\/inhaltsstoffe\\\/#breadcrumb\"},\"inLanguage\":\"de\",\"potentialAction\":[{\"@type\":\"ReadAction\",\"target\":[\"https:\\\/\\\/oliebe.com\\\/de\\\/pflanzenhaarfarben\\\/inhaltsstoffe\\\/\"]}]},{\"@type\":\"ImageObject\",\"inLanguage\":\"de\",\"@id\":\"https:\\\/\\\/oliebe.com\\\/de\\\/pflanzenhaarfarben\\\/inhaltsstoffe\\\/#primaryimage\",\"url\":\"https:\\\/\\\/oliebe.com\\\/de\\\/wp-content\\\/uploads\\\/2015\\\/08\\\/gruenzeug_041.jpg\",\"contentUrl\":\"https:\\\/\\\/oliebe.com\\\/de\\\/wp-content\\\/uploads\\\/2015\\\/08\\\/gruenzeug_041.jpg\",\"width\":960,\"height\":140},{\"@type\":\"BreadcrumbList\",\"@id\":\"https:\\\/\\\/oliebe.com\\\/de\\\/pflanzenhaarfarben\\\/inhaltsstoffe\\\/#breadcrumb\",\"itemListElement\":[{\"@type\":\"ListItem\",\"position\":1,\"name\":\"Home\",\"item\":\"https:\\\/\\\/oliebe.com\\\/de\\\/\"},{\"@type\":\"ListItem\",\"position\":2,\"name\":\"Pflanzenhaarfarben\",\"item\":\"https:\\\/\\\/oliebe.com\\\/de\\\/pflanzenhaarfarben\\\/\"},{\"@type\":\"ListItem\",\"position\":3,\"name\":\"Inhaltsstoffe\"}]},{\"@type\":\"WebSite\",\"@id\":\"https:\\\/\\\/oliebe.com\\\/de\\\/#website\",\"url\":\"https:\\\/\\\/oliebe.com\\\/de\\\/\",\"name\":\"Oliebe\",\"description\":\"Alexander Pietschmann friseurexklusiv\",\"potentialAction\":[{\"@type\":\"SearchAction\",\"target\":{\"@type\":\"EntryPoint\",\"urlTemplate\":\"https:\\\/\\\/oliebe.com\\\/de\\\/?s={search_term_string}\"},\"query-input\":{\"@type\":\"PropertyValueSpecification\",\"valueRequired\":true,\"valueName\":\"search_term_string\"}}],\"inLanguage\":\"de\"}]}<\/script>\n<!-- \/ Yoast SEO plugin. -->","yoast_head_json":{"title":"Inhaltsstoffe - Oliebe","robots":{"index":"index","follow":"follow","max-snippet":"max-snippet:-1","max-image-preview":"max-image-preview:large","max-video-preview":"max-video-preview:-1"},"canonical":"https:\/\/oliebe.com\/de\/pflanzenhaarfarben\/inhaltsstoffe\/","og_locale":"de_DE","og_type":"article","og_title":"Inhaltsstoffe - Oliebe","og_description":"OLIEBE\u00ae Pflanzenhaarfarbprodukte von Alexander Pietschmann sind Mischungen aus Bestandteile (Ingredients): kann Henna, Ratanhiawurzel, Cassia, Indigo, Rotsandelholz, F\u00e4rberr\u00f6te, Wallnussschalen, Weizenausz\u00fc-ge, Kurkuma, Blauholz, Salbei, Oregano, F\u00e4rberwaid, Sennesbl\u00e4tter, Holunderbeeren, Hibiskus, Faulbaumrinde, Kaffee, Rhabarberwurzel, r\u00f6m. Kamile, Catechu, Rote Beete, Birkenbl\u00e4tter, Malvenbl\u00fcten, Schwarzer Tee, K\u00fcmmel (+\/-):HENNA, LAWSONIA INERMIS POWDER, KRAMERIA TRIANDRA ROOT POWDER, CASSIA ITALICA LEAF POWDER, INDIGOFERA TINCTORIA LEAF [&hellip;]","og_url":"https:\/\/oliebe.com\/de\/pflanzenhaarfarben\/inhaltsstoffe\/","og_site_name":"Oliebe","article_modified_time":"2021-02-05T12:50:55+00:00","og_image":[{"width":960,"height":140,"url":"https:\/\/oliebe.com\/de\/wp-content\/uploads\/2015\/08\/gruenzeug_041.jpg","type":"image\/jpeg"}],"twitter_card":"summary_large_image","twitter_misc":{"Gesch\u00e4tzte Lesezeit":"1\u00a0Minute"},"schema":{"@context":"https:\/\/schema.org","@graph":[{"@type":"WebPage","@id":"https:\/\/oliebe.com\/de\/pflanzenhaarfarben\/inhaltsstoffe\/","url":"https:\/\/oliebe.com\/de\/pflanzenhaarfarben\/inhaltsstoffe\/","name":"Inhaltsstoffe - Oliebe","isPartOf":{"@id":"https:\/\/oliebe.com\/de\/#website"},"primaryImageOfPage":{"@id":"https:\/\/oliebe.com\/de\/pflanzenhaarfarben\/inhaltsstoffe\/#primaryimage"},"image":{"@id":"https:\/\/oliebe.com\/de\/pflanzenhaarfarben\/inhaltsstoffe\/#primaryimage"},"thumbnailUrl":"https:\/\/oliebe.com\/de\/wp-content\/uploads\/2015\/08\/gruenzeug_041.jpg","datePublished":"2015-08-24T15:14:17+00:00","dateModified":"2021-02-05T12:50:55+00:00","breadcrumb":{"@id":"https:\/\/oliebe.com\/de\/pflanzenhaarfarben\/inhaltsstoffe\/#breadcrumb"},"inLanguage":"de","potentialAction":[{"@type":"ReadAction","target":["https:\/\/oliebe.com\/de\/pflanzenhaarfarben\/inhaltsstoffe\/"]}]},{"@type":"ImageObject","inLanguage":"de","@id":"https:\/\/oliebe.com\/de\/pflanzenhaarfarben\/inhaltsstoffe\/#primaryimage","url":"https:\/\/oliebe.com\/de\/wp-content\/uploads\/2015\/08\/gruenzeug_041.jpg","contentUrl":"https:\/\/oliebe.com\/de\/wp-content\/uploads\/2015\/08\/gruenzeug_041.jpg","width":960,"height":140},{"@type":"BreadcrumbList","@id":"https:\/\/oliebe.com\/de\/pflanzenhaarfarben\/inhaltsstoffe\/#breadcrumb","itemListElement":[{"@type":"ListItem","position":1,"name":"Home","item":"https:\/\/oliebe.com\/de\/"},{"@type":"ListItem","position":2,"name":"Pflanzenhaarfarben","item":"https:\/\/oliebe.com\/de\/pflanzenhaarfarben\/"},{"@type":"ListItem","position":3,"name":"Inhaltsstoffe"}]},{"@type":"WebSite","@id":"https:\/\/oliebe.com\/de\/#website","url":"https:\/\/oliebe.com\/de\/","name":"Oliebe","description":"Alexander Pietschmann friseurexklusiv","potentialAction":[{"@type":"SearchAction","target":{"@type":"EntryPoint","urlTemplate":"https:\/\/oliebe.com\/de\/?s={search_term_string}"},"query-input":{"@type":"PropertyValueSpecification","valueRequired":true,"valueName":"search_term_string"}}],"inLanguage":"de"}]}},"_links":{"self":[{"href":"https:\/\/oliebe.com\/de\/wp-json\/wp\/v2\/pages\/552","targetHints":{"allow":["GET"]}}],"collection":[{"href":"https:\/\/oliebe.com\/de\/wp-json\/wp\/v2\/pages"}],"about":[{"href":"https:\/\/oliebe.com\/de\/wp-json\/wp\/v2\/types\/page"}],"author":[{"embeddable":true,"href":"https:\/\/oliebe.com\/de\/wp-json\/wp\/v2\/users\/2"}],"replies":[{"embeddable":true,"href":"https:\/\/oliebe.com\/de\/wp-json\/wp\/v2\/comments?post=552"}],"version-history":[{"count":1,"href":"https:\/\/oliebe.com\/de\/wp-json\/wp\/v2\/pages\/552\/revisions"}],"predecessor-version":[{"id":13910,"href":"https:\/\/oliebe.com\/de\/wp-json\/wp\/v2\/pages\/552\/revisions\/13910"}],"up":[{"embeddable":true,"href":"https:\/\/oliebe.com\/de\/wp-json\/wp\/v2\/pages\/502"}],"wp:featuredmedia":[{"embeddable":true,"href":"https:\/\/oliebe.com\/de\/wp-json\/wp\/v2\/media\/3810"}],"wp:attachment":[{"href":"https:\/\/oliebe.com\/de\/wp-json\/wp\/v2\/media?parent=552"}],"curies":[{"name":"wp","href":"https:\/\/api.w.org\/{rel}","templated":true}]}}